{"id":5269,"date":"2024-02-02T14:14:05","date_gmt":"2024-02-02T13:14:05","guid":{"rendered":"https:\/\/porabane.pl\/?post_type=product&#038;p=5269"},"modified":"2024-02-15T10:59:24","modified_gmt":"2024-02-15T09:59:24","slug":"album-podroze-2","status":"publish","type":"product","link":"https:\/\/porabane.pl\/?product=album-podroze-2","title":{"rendered":"Album PODR\u00d3\u017bE"},"content":{"rendered":"<p><strong>Nie tylko album!<\/strong><br \/>\nKupuj\u0105c od nas album otrzymasz w zestawie r\u00f3wnie\u017c:<br \/>\n&#8211; <strong>naklejki z polskimi napisami<\/strong><br \/>\n&#8211; <strong>naklejki kwiaty<\/strong><br \/>\n&#8211; <strong>2 szt ta\u015bm papierowych<\/strong> &#8211; idealny dodatek do urozmaicenia wn\u0119trza<br \/>\n&#8211; <strong>marker<\/strong> w kolorze bia\u0142ym, kt\u00f3ry pozwoli Ci pisa\u0107 na ciemnych stronach<br \/>\n&#8211; ok. <strong>100szt przylepc\u00f3w do zdj\u0119\u0107<\/strong>, kt\u00f3re w sprawny spos\u00f3b pomog\u0105 Ci uzupe\u0142ni\u0107 album<br \/>\n&#8211; materia\u0142owy <strong>woreczek na album<\/strong>, kt\u00f3ry stanowi zar\u00f3wno wyj\u0105tkowe opakowanie na prezent, ale r\u00f3wnie\u017c ochron\u0119 albumu przed kurzem<\/p>\n<p><strong>Idealny na prezent! <\/strong><br \/>\nDrewniany album na zdj\u0119cia to doskona\u0142y pomys\u0142 na prezent dla bliskich. Jego unikalny design i wysoka jako\u015b\u0107 wykonania sprawi\u0105, \u017ce b\u0119dzie to prezent, kt\u00f3ry zostanie zapami\u0119tany na d\u0142ugo.<\/p>\n<p><strong>Trwa\u0142o\u015b\u0107 i ochrona.<\/strong><br \/>\nOk\u0142adki albumu zosta\u0142y wykonane z drewna brzozowego, klejonego warstwowo z wyszlifowanymi kraw\u0119dziami. We wn\u0119trzu znajdziemy karty do wklejania zdj\u0119\u0107 z bardzo grubego papieru (min. 250g). Ka\u017cda karta zosta\u0142a prze\u0142o\u017cona dodatkowo przek\u0142adk\u0105 z pergaminu, aby dodatkowo zabezpieczy\u0107 Twoje zdj\u0119cia!<\/p>\n","protected":false},"excerpt":{"rendered":"<p>Wyj\u0105tkowy <strong>drewniany album<\/strong> na zdj\u0119cia, kt\u00f3ry nie tylko stanowi praktyczne rozwi\u0105zanie do bezpiecznego przechowywania wspomnie\u0144, ale tak\u017ce wprowadza do wn\u0119trza niepowtarzalny urok!<br \/>\nDo ka\u017cdego albumu dodajemy <strong>zestaw akcesori\u00f3w<\/strong>, kt\u00f3re pomog\u0105 Ci uzupe\u0142ni\u0107 jego wn\u0119trze!<\/p>\n","protected":false},"featured_media":5291,"template":"","meta":[],"product_brand":[],"product_cat":[42],"product_tag":[],"class_list":{"0":"post-5269","1":"product","2":"type-product","3":"status-publish","4":"has-post-thumbnail","6":"product_cat-ciemne","8":"first","9":"instock","10":"shipping-taxable","11":"purchasable","12":"product-type-variable"},"_links":{"self":[{"href":"https:\/\/porabane.pl\/index.php?rest_route=\/wp\/v2\/product\/5269","targetHints":{"allow":["GET"]}}],"collection":[{"href":"https:\/\/porabane.pl\/index.php?rest_route=\/wp\/v2\/product"}],"about":[{"href":"https:\/\/porabane.pl\/index.php?rest_route=\/wp\/v2\/types\/product"}],"version-history":[{"count":2,"href":"https:\/\/porabane.pl\/index.php?rest_route=\/wp\/v2\/product\/5269\/revisions"}],"predecessor-version":[{"id":5298,"href":"https:\/\/porabane.pl\/index.php?rest_route=\/wp\/v2\/product\/5269\/revisions\/5298"}],"wp:featuredmedia":[{"embeddable":true,"href":"https:\/\/porabane.pl\/index.php?rest_route=\/wp\/v2\/media\/5291"}],"wp:attachment":[{"href":"https:\/\/porabane.pl\/index.php?rest_route=%2Fwp%2Fv2%2Fmedia&parent=5269"}],"wp:term":[{"taxonomy":"product_brand","embeddable":true,"href":"https:\/\/porabane.pl\/index.php?rest_route=%2Fwp%2Fv2%2Fproduct_brand&post=5269"},{"taxonomy":"product_cat","embeddable":true,"href":"https:\/\/porabane.pl\/index.php?rest_route=%2Fwp%2Fv2%2Fproduct_cat&post=5269"},{"taxonomy":"product_tag","embeddable":true,"href":"https:\/\/porabane.pl\/index.php?rest_route=%2Fwp%2Fv2%2Fproduct_tag&post=5269"}],"curies":[{"name":"wp","href":"https:\/\/api.w.org\/{rel}","templated":true}]}}